{"id":7554,"date":"2022-07-27T12:08:23","date_gmt":"2022-07-27T11:08:23","guid":{"rendered":"https:\/\/mujdopis.cz\/?page_id=7554"},"modified":"2026-04-13T12:50:37","modified_gmt":"2026-04-13T11:50:37","slug":"cenik","status":"publish","type":"page","link":"https:\/\/mujdopis.cz\/en\/cenik\/","title":{"rendered":"Cen\u00edk"},"content":{"rendered":"<div data-elementor-type=\"wp-page\" data-elementor-id=\"7554\" class=\"elementor elementor-7554\">\n\t\t\t\t\t\t<section class=\"elementor-section elementor-top-section elementor-element elementor-element-e22a7c5 elementor-section-height-min-height elementor-section-boxed elementor-section-height-default elementor-section-items-middle wpr-particle-no wpr-jarallax-no wpr-parallax-no wpr-sticky-section-no wpr-equal-height-no\" data-id=\"e22a7c5\" data-element_type=\"section\" data-e-type=\"section\" data-settings=\"{&quot;background_background&quot;:&quot;classic&quot;}\">\n\t\t\t\t\t\t<div class=\"elementor-container elementor-column-gap-default\">\n\t\t\t\t\t<div class=\"elementor-column elementor-col-66 elementor-top-column elementor-element elementor-element-411aa25 elementor-invisible\" data-id=\"411aa25\" data-element_type=\"column\" data-e-type=\"column\" data-settings=\"{&quot;animation&quot;:&quot;fadeIn&quot;}\">\n\t\t\t<div class=\"elementor-widget-wrap elementor-element-populated\">\n\t\t\t\t\t\t<div class=\"elementor-element elementor-element-f6fcb2a wpr-dual-heading-icon-top elementor-widget elementor-widget-wpr-dual-color-heading\" data-id=\"f6fcb2a\" data-element_type=\"widget\" data-e-type=\"widget\" data-widget_type=\"wpr-dual-color-heading.default\">\n\t\t\t\t<div class=\"elementor-widget-container\">\n\t\t\t\t\t\t\t\t<div class=\"wpr-dual-heading-wrap\">\n\t\t\t\t<div class=\"wpr-dual-title-wrap\">\n\t\t\t\t\t<h2 class=\"wpr-dual-title\">\n\t\t\t\t\t\t\t\t\t\t\t<span class=\"first\">Price list<\/span>\n\t\t\t\t\t\t\t\t\t\t\n\t\t\t\t\t\t\t\t\t\t\t<span class=\"second\">Choose the appropriate tariff according to how many letters you send per month. You can change this tariff at any time.\u200b<\/span>\n\t\t\t\t\t\t\t\t\t\t<\/h2>\n\t\t\t\t<\/div>\n\t\t\t\t\n\t\t\t\t\t\t\t\t\t<div class=\"wpr-dual-heading-description\" ><\/div>\n\t\t\t\t\n\t\t\t\t\n\t\t\t<\/div>\n\t\t\t\t\t\t<\/div>\n\t\t\t\t<\/div>\n\t\t\t\t\t<\/div>\n\t\t<\/div>\n\t\t\t\t<div class=\"elementor-column elementor-col-33 elementor-top-column elementor-element elementor-element-5a92c7d elementor-hidden-mobile\" data-id=\"5a92c7d\" data-element_type=\"column\" data-e-type=\"column\">\n\t\t\t<div class=\"elementor-widget-wrap elementor-element-populated\">\n\t\t\t\t\t\t<div class=\"elementor-element elementor-element-833a9e5 elementor-widget__width-initial elementor-widget elementor-widget-image\" data-id=\"833a9e5\" data-element_type=\"widget\" data-e-type=\"widget\" data-widget_type=\"image.default\">\n\t\t\t\t<div class=\"elementor-widget-container\">\n\t\t\t\t\t\t\t\t\t\t\t\t\t\t\t<img fetchpriority=\"high\" decoding=\"async\" width=\"960\" height=\"960\" src=\"https:\/\/mujdopis.cz\/wp-content\/uploads\/2021\/12\/Uvod.svg\" class=\"attachment-large size-large wp-image-7080\" alt=\"\" srcset=\"https:\/\/mujdopis.cz\/wp-content\/uploads\/\/2021\/12\/Uvod.svg 150w, https:\/\/mujdopis.cz\/wp-content\/uploads\/\/2021\/12\/Uvod.svg 300w, https:\/\/mujdopis.cz\/wp-content\/uploads\/\/2021\/12\/Uvod.svg 1024w\" sizes=\"(max-width: 960px) 100vw, 960px\" \/>\t\t\t\t\t\t\t\t\t\t\t\t\t\t\t<\/div>\n\t\t\t\t<\/div>\n\t\t\t\t\t<\/div>\n\t\t<\/div>\n\t\t\t\t\t<\/div>\n\t\t<\/section>\n\t\t\t\t<section class=\"elementor-section elementor-top-section elementor-element elementor-element-aa013c5 elementor-section-boxed elementor-section-height-default elementor-section-height-default wpr-particle-no wpr-jarallax-no wpr-parallax-no wpr-sticky-section-no wpr-equal-height-no\" data-id=\"aa013c5\" data-element_type=\"section\" data-e-type=\"section\">\n\t\t\t\t\t\t<div class=\"elementor-container elementor-column-gap-default\">\n\t\t\t\t\t<div class=\"elementor-column elementor-col-50 elementor-top-column elementor-element elementor-element-897e9d5\" data-id=\"897e9d5\" data-element_type=\"column\" data-e-type=\"column\">\n\t\t\t<div class=\"elementor-widget-wrap elementor-element-populated\">\n\t\t\t\t\t\t<div class=\"elementor-element elementor-element-84528f4 wpr-pricing-table-animation-none wpr-pricing-table-heading-center elementor-widget elementor-widget-wpr-pricing-table\" data-id=\"84528f4\" data-element_type=\"widget\" data-e-type=\"widget\" data-settings=\"{&quot;_animation&quot;:&quot;none&quot;}\" data-widget_type=\"wpr-pricing-table.default\">\n\t\t\t\t<div class=\"elementor-widget-container\">\n\t\t\t\t\t\n\t<div class=\"wpr-pricing-table\">\n\t\t\n\t\t\t<div class=\"elementor-repeater-item-1661a84 wpr-pricing-table-item wpr-pricing-table-heading wpr-pricing-table-item-first\">\t\t\n\t\t\t\n\t\t\t\n\t\t\t\t<div class=\"wpr-pricing-table-headding-inner\">\n\t\t\t\n\t\t\t\t\t\n\t\t\t\t\t\t\t\t\t\t\t<div class=\"wpr-pricing-table-title-wrap\">\n\t\t\t\t\t\t\t\t\n\t\t\t\t\t\t\t\t<h3 class=\"wpr-pricing-table-title\">No registration<\/h3>\n\t\t\t\t\t\t\t\n\t\t\t\t\t\t\t\t\n\t\t\t\t\t\t\t\t<span class=\"wpr-pricing-table-sub-title\">I am sending up to 10 letters <\/span>\n\t\t\t\t\t\t\t\t\t\t\t\t\t<\/div>\n\t\t\t\t\t\t\t\t\t<\/div>\t\t\n\t\t\n\t\t\t\n\t\t\t<\/div>\n\t\t\t\n\t\t\t<div class=\"elementor-repeater-item-d452064 wpr-pricing-table-item wpr-pricing-table-price\">\t\t\n\t\t\t\n\t\t\t\n\t\t\t\t<div class=\"wpr-pricing-table-price-inner\">\n\t\t\t\t\t\n\t\t\t\t\t\t\t\t\t\t\n\t\t\t\t\t\t\n\t\t\t\t\t\t<span class=\"wpr-pricing-table-main-price\">0,-<\/span>\n\t\t\t\t\t\n\t\t\t\t\t\n\t\t\t\t\t\n\t\t\t\t\t\t\t\t\t<\/div>\n\n\t\t\t\t\t\n\t\t\t\t\t<div class=\"wpr-pricing-table-preiod\">monthly<\/div>\n\t\t\t\t\t\t\n\t\t\t\n\t\t\t<\/div>\n\t\t\t\n\t\t\t<section class=\"elementor-repeater-item-8551bf4 wpr-pricing-table-item wpr-pricing-table-feature\">\n\t\t\t\t<div class=\"wpr-pricing-table-feature-inner\">\n\t\t\t\t\t\t\t\t\t\t\t<i class=\"wpr-pricing-table-feature-icon fas fa-check\"><\/i>\n\t\t\t\t\t\t\t\t\t\t\n\t\t\t\t\t<span class=\"wpr-pricing-table-feature-text wpr-pricing-table-ftext-line-\">\n\t\t\t\t\t\t<span>\n\t\t\t\t\t\tUsually up to 50g CR\t\t\t\t\t\t<\/span>\n\t\t\t\t\t<\/span>\n\n\t\t\t\t\t\t\t\t\t\t\t\t\n\t\t\t\t<\/div>\n\t\t\t<\/section>\n\n\t\t\t\n\t\t\t<section class=\"elementor-repeater-item-f4f9d14 wpr-pricing-table-item wpr-pricing-table-feature\">\n\t\t\t\t<div class=\"wpr-pricing-table-feature-inner\">\n\t\t\t\t\t\t\t\t\t\t\t<i class=\"wpr-pricing-table-feature-icon fas fa-check\"><\/i>\n\t\t\t\t\t\t\t\t\t\t\n\t\t\t\t\t<span class=\"wpr-pricing-table-feature-text wpr-pricing-table-ftext-line-yes\">\n\t\t\t\t\t\t<span>\n\t\t\t\t\t\tBy registered post up to 50g CR\t\t\t\t\t\t<\/span>\n\t\t\t\t\t<\/span>\n\n\t\t\t\t\t\t\t\t\t\t\t\t\n\t\t\t\t<\/div>\n\t\t\t<\/section>\n\n\t\t\t\n\t\t\t<section class=\"elementor-repeater-item-3e07c3b wpr-pricing-table-item wpr-pricing-table-feature\">\n\t\t\t\t<div class=\"wpr-pricing-table-feature-inner\">\n\t\t\t\t\t\t\t\t\t\t\t<i class=\"wpr-pricing-table-feature-icon fas fa-check\"><\/i>\n\t\t\t\t\t\t\t\t\t\t\n\t\t\t\t\t<span class=\"wpr-pricing-table-feature-text wpr-pricing-table-ftext-line-\">\n\t\t\t\t\t\t<span>\n\t\t\t\t\t\tOverview of the status of sent letters\t\t\t\t\t\t<\/span>\n\t\t\t\t\t<\/span>\n\n\t\t\t\t\t\t\t\t\t\t\t\t\n\t\t\t\t<\/div>\n\t\t\t<\/section>\n\n\t\t\t\n\t\t\t<section class=\"elementor-repeater-item-967730d wpr-pricing-table-item wpr-pricing-table-feature\">\n\t\t\t\t<div class=\"wpr-pricing-table-feature-inner\">\n\t\t\t\t\t\t\t\t\t\t\t<i class=\"wpr-pricing-table-feature-icon fas fa-check\"><\/i>\n\t\t\t\t\t\t\t\t\t\t\n\t\t\t\t\t<span class=\"wpr-pricing-table-feature-text wpr-pricing-table-ftext-line-\">\n\t\t\t\t\t\t<span>\n\t\t\t\t\t\tAdministration of senders and addressees\t\t\t\t\t\t<\/span>\n\t\t\t\t\t<\/span>\n\n\t\t\t\t\t\t\t\t\t\t\t\t\n\t\t\t\t<\/div>\n\t\t\t<\/section>\n\n\t\t\t\n\t\t\t<section class=\"elementor-repeater-item-d777eef wpr-pricing-table-item wpr-pricing-table-feature\">\n\t\t\t\t<div class=\"wpr-pricing-table-feature-inner\">\n\t\t\t\t\t\t\t\t\t\t\t<i class=\"wpr-pricing-table-feature-icon fas fa-check\"><\/i>\n\t\t\t\t\t\t\t\t\t\t\n\t\t\t\t\t<span class=\"wpr-pricing-table-feature-text wpr-pricing-table-ftext-line-\">\n\t\t\t\t\t\t<span>\n\t\t\t\t\t\tConfirmation of sending to e-mail\t\t\t\t\t\t<\/span>\n\t\t\t\t\t<\/span>\n\n\t\t\t\t\t\t\t\t\t\t\t\t\n\t\t\t\t<\/div>\n\t\t\t<\/section>\n\n\t\t\t\n\t\t\t<section class=\"elementor-repeater-item-e710f18 wpr-pricing-table-item wpr-pricing-table-feature\">\n\t\t\t\t<div class=\"wpr-pricing-table-feature-inner\">\n\t\t\t\t\t\t\t\t\t\t\t<i class=\"wpr-pricing-table-feature-icon fas fa-check\"><\/i>\n\t\t\t\t\t\t\t\t\t\t\n\t\t\t\t\t<span class=\"wpr-pricing-table-feature-text wpr-pricing-table-ftext-line-\">\n\t\t\t\t\t\t<span>\n\t\t\t\t\t\tCard payment before shipping\t\t\t\t\t\t<\/span>\n\t\t\t\t\t<\/span>\n\n\t\t\t\t\t\t\t\t\t\t\t\t\n\t\t\t\t<\/div>\n\t\t\t<\/section>\n\n\t\t\t\n\t\t\t<div class=\"elementor-repeater-item-1552cbd wpr-pricing-table-item wpr-pricing-table-heading\">\t\t\n\t\t\t\n\t\t\t\n\t\t\t\t<div class=\"wpr-pricing-table-headding-inner\">\n\t\t\t\n\t\t\t\t\t\n\t\t\t\t\t\t\t\t\t<\/div>\t\t\n\t\t\n\t\t\t\n\t\t\t<\/div>\n\t\t\t\n\t\t\t<div class=\"elementor-repeater-item-7960514 wpr-pricing-table-item wpr-pricing-table-text\">\t\t\n\t\t\t\n\t\t\t\n\t\t\t\tOby\u010dejn\u011b do 50 g \u010cR \u2013 45 K\u010d\n\t\t\t\n\t\t\t<\/div>\n\t\t\t\n\t\t\t<div class=\"elementor-repeater-item-12bb167 wpr-pricing-table-item wpr-pricing-table-button wpr-pricing-table-item-last\">\t\t\n\t\t\t\n\t\t\t\n\t\t\t\t<a class=\"wpr-pricing-table-btn wpr-button-effect wpr-button-none\" href=\"https:\/\/appl.trilu.cz\/single\/letter\/\" target=\"_blank\" rel=\"noopener noreferrer\">\n\t\t\t\t\t<span>\n\n\t\t\t\t\t\t\n\t\t\t\t\t\tSend without registration\n\t\t\t\t\t\t\n\t\t\t\t\t<\/span>\n\t\t\t\t<\/a>\n\t\t\t\t\n\t\t\t\n\t\t\t<\/div>\n\t\t\t\t<\/div>\n\n\t\t\t\t\t<\/div>\n\t\t\t\t<\/div>\n\t\t\t\t\t<\/div>\n\t\t<\/div>\n\t\t\t\t<div class=\"elementor-column elementor-col-50 elementor-top-column elementor-element elementor-element-9c4caf3\" data-id=\"9c4caf3\" data-element_type=\"column\" data-e-type=\"column\">\n\t\t\t<div class=\"elementor-widget-wrap elementor-element-populated\">\n\t\t\t\t\t\t<div class=\"elementor-element elementor-element-753698f animated-slow wpr-pricing-table-animation-none wpr-pricing-table-heading-center elementor-widget elementor-widget-wpr-pricing-table\" data-id=\"753698f\" data-element_type=\"widget\" data-e-type=\"widget\" data-settings=\"{&quot;_animation&quot;:&quot;none&quot;}\" data-widget_type=\"wpr-pricing-table.default\">\n\t\t\t\t<div class=\"elementor-widget-container\">\n\t\t\t\t\t\n\t<div class=\"wpr-pricing-table\">\n\t\t\n\t\t\t<div class=\"elementor-repeater-item-f419160 wpr-pricing-table-item wpr-pricing-table-heading wpr-pricing-table-item-first\">\t\t\n\t\t\t\n\t\t\t\n\t\t\t\t<div class=\"wpr-pricing-table-headding-inner\">\n\t\t\t\n\t\t\t\t\t\n\t\t\t\t\t\t\t\t\t\t\t<div class=\"wpr-pricing-table-title-wrap\">\n\t\t\t\t\t\t\t\t\n\t\t\t\t\t\t\t\t<h3 class=\"wpr-pricing-table-title\">I send over 100 letters<\/h3>\n\t\t\t\t\t\t\t\n\t\t\t\t\t\t\t\t\n\t\t\t\t\t\t\t\t<span class=\"wpr-pricing-table-sub-title\">M\u016fj dopis 99<\/span>\n\t\t\t\t\t\t\t\t\t\t\t\t\t<\/div>\n\t\t\t\t\t\t\t\t\t<\/div>\t\t\n\t\t\n\t\t\t\n\t\t\t<\/div>\n\t\t\t\n\t\t\t<div class=\"elementor-repeater-item-d452064 wpr-pricing-table-item wpr-pricing-table-price\">\t\t\n\t\t\t\n\t\t\t\n\t\t\t\t<div class=\"wpr-pricing-table-price-inner\">\n\t\t\t\t\t\n\t\t\t\t\t\t\t\t\t\t\n\t\t\t\t\t\t\n\t\t\t\t\t\t<span class=\"wpr-pricing-table-main-price\">99,-<\/span>\n\t\t\t\t\t\n\t\t\t\t\t\n\t\t\t\t\t\n\t\t\t\t\t\t\t\t\t<\/div>\n\n\t\t\t\t\t\n\t\t\t\t\t<div class=\"wpr-pricing-table-preiod\">monthly <\/div>\n\t\t\t\t\t\t\n\t\t\t\n\t\t\t<\/div>\n\t\t\t\n\t\t\t<section class=\"elementor-repeater-item-8551bf4 wpr-pricing-table-item wpr-pricing-table-feature\">\n\t\t\t\t<div class=\"wpr-pricing-table-feature-inner\">\n\t\t\t\t\t\t\t\t\t\t\t<i class=\"wpr-pricing-table-feature-icon fas fa-check\"><\/i>\n\t\t\t\t\t\t\t\t\t\t\n\t\t\t\t\t<span class=\"wpr-pricing-table-feature-text wpr-pricing-table-ftext-line-\">\n\t\t\t\t\t\t<span>\n\t\t\t\t\t\tUsually up to 50g CR\t\t\t\t\t\t<\/span>\n\t\t\t\t\t<\/span>\n\n\t\t\t\t\t\t\t\t\t\t\t\t\n\t\t\t\t<\/div>\n\t\t\t<\/section>\n\n\t\t\t\n\t\t\t<section class=\"elementor-repeater-item-f4f9d14 wpr-pricing-table-item wpr-pricing-table-feature\">\n\t\t\t\t<div class=\"wpr-pricing-table-feature-inner\">\n\t\t\t\t\t\t\t\t\t\t\t<i class=\"wpr-pricing-table-feature-icon fas fa-check\"><\/i>\n\t\t\t\t\t\t\t\t\t\t\n\t\t\t\t\t<span class=\"wpr-pricing-table-feature-text wpr-pricing-table-ftext-line-\">\n\t\t\t\t\t\t<span>\n\t\t\t\t\t\tBy registered post up to 50g CR\t\t\t\t\t\t<\/span>\n\t\t\t\t\t<\/span>\n\n\t\t\t\t\t\t\t\t\t\t\t\t\n\t\t\t\t<\/div>\n\t\t\t<\/section>\n\n\t\t\t\n\t\t\t<section class=\"elementor-repeater-item-3e07c3b wpr-pricing-table-item wpr-pricing-table-feature\">\n\t\t\t\t<div class=\"wpr-pricing-table-feature-inner\">\n\t\t\t\t\t\t\t\t\t\t\t<i class=\"wpr-pricing-table-feature-icon fas fa-check\"><\/i>\n\t\t\t\t\t\t\t\t\t\t\n\t\t\t\t\t<span class=\"wpr-pricing-table-feature-text wpr-pricing-table-ftext-line-\">\n\t\t\t\t\t\t<span>\n\t\t\t\t\t\tOverview of the status of sent letters\t\t\t\t\t\t<\/span>\n\t\t\t\t\t<\/span>\n\n\t\t\t\t\t\t\t\t\t\t\t\t\n\t\t\t\t<\/div>\n\t\t\t<\/section>\n\n\t\t\t\n\t\t\t<section class=\"elementor-repeater-item-967730d wpr-pricing-table-item wpr-pricing-table-feature\">\n\t\t\t\t<div class=\"wpr-pricing-table-feature-inner\">\n\t\t\t\t\t\t\t\t\t\t\t<i class=\"wpr-pricing-table-feature-icon fas fa-check\"><\/i>\n\t\t\t\t\t\t\t\t\t\t\n\t\t\t\t\t<span class=\"wpr-pricing-table-feature-text wpr-pricing-table-ftext-line-\">\n\t\t\t\t\t\t<span>\n\t\t\t\t\t\tAdministration of senders and addressees\t\t\t\t\t\t<\/span>\n\t\t\t\t\t<\/span>\n\n\t\t\t\t\t\t\t\t\t\t\t\t\n\t\t\t\t<\/div>\n\t\t\t<\/section>\n\n\t\t\t\n\t\t\t<section class=\"elementor-repeater-item-d777eef wpr-pricing-table-item wpr-pricing-table-feature\">\n\t\t\t\t<div class=\"wpr-pricing-table-feature-inner\">\n\t\t\t\t\t\t\t\t\t\t\t<i class=\"wpr-pricing-table-feature-icon fas fa-check\"><\/i>\n\t\t\t\t\t\t\t\t\t\t\n\t\t\t\t\t<span class=\"wpr-pricing-table-feature-text wpr-pricing-table-ftext-line-\">\n\t\t\t\t\t\t<span>\n\t\t\t\t\t\tConfirmation of sending to e-mail\t\t\t\t\t\t<\/span>\n\t\t\t\t\t<\/span>\n\n\t\t\t\t\t\t\t\t\t\t\t\t\n\t\t\t\t<\/div>\n\t\t\t<\/section>\n\n\t\t\t\n\t\t\t<section class=\"elementor-repeater-item-8f86c2e wpr-pricing-table-item wpr-pricing-table-feature\">\n\t\t\t\t<div class=\"wpr-pricing-table-feature-inner\">\n\t\t\t\t\t\t\t\t\t\t\t<i class=\"wpr-pricing-table-feature-icon fas fa-check\"><\/i>\n\t\t\t\t\t\t\t\t\t\t\n\t\t\t\t\t<span class=\"wpr-pricing-table-feature-text wpr-pricing-table-ftext-line-\">\n\t\t\t\t\t\t<span>\n\t\t\t\t\t\tDocument management + shared storage 150 MB\t\t\t\t\t\t<\/span>\n\t\t\t\t\t<\/span>\n\n\t\t\t\t\t\t\t\t\t\t\t\t\n\t\t\t\t<\/div>\n\t\t\t<\/section>\n\n\t\t\t\n\t\t\t<section class=\"elementor-repeater-item-85f49fb wpr-pricing-table-item wpr-pricing-table-feature\">\n\t\t\t\t<div class=\"wpr-pricing-table-feature-inner\">\n\t\t\t\t\t\t\t\t\t\t\t<i class=\"wpr-pricing-table-feature-icon fas fa-check\"><\/i>\n\t\t\t\t\t\t\t\t\t\t\n\t\t\t\t\t<span class=\"wpr-pricing-table-feature-text wpr-pricing-table-ftext-line-\">\n\t\t\t\t\t\t<span>\n\t\t\t\t\t\tUser administration\t\t\t\t\t\t<\/span>\n\t\t\t\t\t<\/span>\n\n\t\t\t\t\t\t\t\t\t\t\t\t\n\t\t\t\t<\/div>\n\t\t\t<\/section>\n\n\t\t\t\n\t\t\t<div class=\"elementor-repeater-item-0fddd19 wpr-pricing-table-item wpr-pricing-table-text\">\t\t\n\t\t\t\n\t\t\t\n\t\t\t\tOby\u010dejn\u011b do 50 g \u010cR \u2013 37,- K\u010d\n\t\t\t\n\t\t\t<\/div>\n\t\t\t\n\t\t\t<div class=\"elementor-repeater-item-3d690f4 wpr-pricing-table-item wpr-pricing-table-text\">\t\t\n\t\t\t\n\t\t\t\n\t\t\t\tDoporu\u010den\u011b do 50 g \u010cR \u2013 90 K\u010d\n\t\t\t\n\t\t\t<\/div>\n\t\t\t\n\t\t\t<div class=\"elementor-repeater-item-12bb167 wpr-pricing-table-item wpr-pricing-table-button wpr-pricing-table-item-last\">\t\t\n\t\t\t\n\t\t\t\n\t\t\t\t<a class=\"wpr-pricing-table-btn wpr-button-effect wpr-button-none\" href=\"https:\/\/appl.trilu.cz\/register\/country\" target=\"_blank\" rel=\"noopener noreferrer\">\n\t\t\t\t\t<span>\n\n\t\t\t\t\t\t\n\t\t\t\t\t\tI want the package\n\t\t\t\t\t\t\n\t\t\t\t\t<\/span>\n\t\t\t\t<\/a>\n\t\t\t\t\n\t\t\t\n\t\t\t<\/div>\n\t\t\t\t<\/div>\n\n\t\t\t\t\t<\/div>\n\t\t\t\t<\/div>\n\t\t\t\t\t<\/div>\n\t\t<\/div>\n\t\t\t\t\t<\/div>\n\t\t<\/section>\n\t\t\t\t<section class=\"elementor-section elementor-top-section elementor-element elementor-element-113ff1b elementor-section-boxed elementor-section-height-default elementor-section-height-default wpr-particle-no wpr-jarallax-no wpr-parallax-no wpr-sticky-section-no wpr-equal-height-no\" data-id=\"113ff1b\" data-element_type=\"section\" data-e-type=\"section\">\n\t\t\t\t\t\t<div class=\"elementor-container elementor-column-gap-default\">\n\t\t\t\t\t<div class=\"elementor-column elementor-col-100 elementor-top-column elementor-element elementor-element-a302110\" data-id=\"a302110\" data-element_type=\"column\" data-e-type=\"column\">\n\t\t\t<div class=\"elementor-widget-wrap elementor-element-populated\">\n\t\t\t\t\t\t<div class=\"elementor-element elementor-element-3b050c2 elementor-widget elementor-widget-heading\" data-id=\"3b050c2\" data-element_type=\"widget\" data-e-type=\"widget\" data-widget_type=\"heading.default\">\n\t\t\t\t<div class=\"elementor-widget-container\">\n\t\t\t\t\t<h5 class=\"elementor-heading-title elementor-size-default\">Ve\u0161ker\u00e9 ceny jsou uvedeny v\u010detn\u011b DPH. <\/h5>\t\t\t\t<\/div>\n\t\t\t\t<\/div>\n\t\t\t\t\t<\/div>\n\t\t<\/div>\n\t\t\t\t\t<\/div>\n\t\t<\/section>\n\t\t\t\t<\/div>","protected":false},"excerpt":{"rendered":"<p>Cen\u00edk\u200b Vyberte si vhodn\u00fd tarif podle toho, kolik dopis\u016f m\u011bs\u00ed\u010dn\u011b pos\u00edl\u00e1te. Tento tarif si m\u016f\u017eete kdykoliv zm\u011bnit.\u200b Bez registrace Pos\u00edl\u00e1m do 10 dopis\u016f 0,- m\u011bs\u00ed\u010dn\u011b Oby\u010dejn\u011b do 50 g \u010cR Doporu\u010den\u011b do 50 g \u010cR P\u0159ehled stavu odeslan\u00fdch dopis\u016f Spr\u00e1va odesilatel\u016f i adres\u00e1t\u016f Potvrzen\u00ed o odesl\u00e1n\u00ed na e-mail Platba kartou p\u0159ed odesl\u00e1n\u00edm Oby\u010dejn\u011b do 50 g \u010cR \u2013 45 K\u010d Odeslat bez registrace Pos\u00edl\u00e1m p\u0159es 100 dopis\u016f M\u016fj dopis 99 99,- m\u011bs\u00ed\u010dn\u011b Oby\u010dejn\u011b do 50 g \u010cR Doporu\u010den\u011b do 50 g \u010cR P\u0159ehled stavu odeslan\u00fdch dopis\u016f Spr\u00e1va odesilatel\u016f i adres\u00e1t\u016f Potvrzen\u00ed o odesl\u00e1n\u00ed na e-mail Spr\u00e1va dokument\u016f + sd\u00edlen\u00e9 \u00falo\u017ei\u0161t\u011b 150 MB Administrace u\u017eivatel\u016f Oby\u010dejn\u011b do 50 g \u010cR \u2013 37,- K\u010d Doporu\u010den\u011b do 50 g \u010cR \u2013 90 K\u010d Chci bal\u00ed\u010dek Ve\u0161ker\u00e9 ceny jsou uvedeny v\u010detn\u011b DPH.<\/p>","protected":false},"author":5,"featured_media":0,"parent":0,"menu_order":0,"comment_status":"closed","ping_status":"closed","template":"elementor_canvas","meta":{"footnotes":""},"class_list":["post-7554","page","type-page","status-publish","hentry"],"_links":{"self":[{"href":"https:\/\/mujdopis.cz\/en\/wp-json\/wp\/v2\/pages\/7554","targetHints":{"allow":["GET"]}}],"collection":[{"href":"https:\/\/mujdopis.cz\/en\/wp-json\/wp\/v2\/pages"}],"about":[{"href":"https:\/\/mujdopis.cz\/en\/wp-json\/wp\/v2\/types\/page"}],"author":[{"embeddable":true,"href":"https:\/\/mujdopis.cz\/en\/wp-json\/wp\/v2\/users\/5"}],"replies":[{"embeddable":true,"href":"https:\/\/mujdopis.cz\/en\/wp-json\/wp\/v2\/comments?post=7554"}],"version-history":[{"count":113,"href":"https:\/\/mujdopis.cz\/en\/wp-json\/wp\/v2\/pages\/7554\/revisions"}],"predecessor-version":[{"id":15281,"href":"https:\/\/mujdopis.cz\/en\/wp-json\/wp\/v2\/pages\/7554\/revisions\/15281"}],"wp:attachment":[{"href":"https:\/\/mujdopis.cz\/en\/wp-json\/wp\/v2\/media?parent=7554"}],"curies":[{"name":"wp","href":"https:\/\/api.w.org\/{rel}","templated":true}]}}