{"id":8685,"date":"2023-03-28T22:12:25","date_gmt":"2023-03-28T21:12:25","guid":{"rendered":"https:\/\/mujdopis.cz\/?page_id=8685"},"modified":"2023-03-28T23:03:49","modified_gmt":"2023-03-28T22:03:49","slug":"platebni-brana","status":"publish","type":"page","link":"https:\/\/mujdopis.cz\/en\/platebni-brana\/","title":{"rendered":"Payment Gateway"},"content":{"rendered":"<div data-elementor-type=\"wp-page\" data-elementor-id=\"8685\" class=\"elementor elementor-8685\">\n\t\t\t\t\t\t<section class=\"elementor-section elementor-top-section elementor-element elementor-element-75b672b elementor-section-boxed elementor-section-height-default elementor-section-height-default wpr-particle-no wpr-jarallax-no wpr-parallax-no wpr-sticky-section-no wpr-equal-height-no\" data-id=\"75b672b\" data-element_type=\"section\" data-e-type=\"section\">\n\t\t\t\t\t\t<div class=\"elementor-container elementor-column-gap-default\">\n\t\t\t\t\t<div class=\"elementor-column elementor-col-100 elementor-top-column elementor-element elementor-element-d53dbda\" data-id=\"d53dbda\" data-element_type=\"column\" data-e-type=\"column\">\n\t\t\t<div class=\"elementor-widget-wrap elementor-element-populated\">\n\t\t\t\t\t\t<div class=\"elementor-element elementor-element-b8f3b46 elementor-widget elementor-widget-heading\" data-id=\"b8f3b46\" data-element_type=\"widget\" data-e-type=\"widget\" data-widget_type=\"heading.default\">\n\t\t\t\t<div class=\"elementor-widget-container\">\n\t\t\t\t\t<h2 class=\"elementor-heading-title elementor-size-default\">Stripe<\/h2>\t\t\t\t<\/div>\n\t\t\t\t<\/div>\n\t\t\t\t\t<\/div>\n\t\t<\/div>\n\t\t\t\t\t<\/div>\n\t\t<\/section>\n\t\t\t\t<section class=\"elementor-section elementor-top-section elementor-element elementor-element-3ef4f15 elementor-section-boxed elementor-section-height-default elementor-section-height-default wpr-particle-no wpr-jarallax-no wpr-parallax-no wpr-sticky-section-no wpr-equal-height-no\" data-id=\"3ef4f15\" data-element_type=\"section\" data-e-type=\"section\">\n\t\t\t\t\t\t<div class=\"elementor-container elementor-column-gap-default\">\n\t\t\t\t\t<div class=\"elementor-column elementor-col-100 elementor-top-column elementor-element elementor-element-ef0d6b8\" data-id=\"ef0d6b8\" data-element_type=\"column\" data-e-type=\"column\">\n\t\t\t<div class=\"elementor-widget-wrap elementor-element-populated\">\n\t\t\t\t\t\t<div class=\"elementor-element elementor-element-dc150b4 elementor-widget elementor-widget-text-editor\" data-id=\"dc150b4\" data-element_type=\"widget\" data-e-type=\"widget\" data-widget_type=\"text-editor.default\">\n\t\t\t\t<div class=\"elementor-widget-container\">\n\t\t\t\t\t\t\t\t\t<p style=\"text-align: center;\"><span style=\"font-family: helvetica, arial, sans-serif; color: #000000; font-size: 12pt;\"><strong>Bezpe\u010dnost plateb prov\u00e1d\u011bn\u00fdch v na\u0161\u00ed aplikaci je pro n\u00e1s d\u016fle\u017eit\u00e1,<\/strong> proto spolupracujeme s platebn\u00ed br\u00e1nou <a href=\"https:\/\/stripe.com\/en-cz\">Stripe. <\/a><\/span><\/p><p style=\"text-align: center;\"><span style=\"font-family: helvetica, arial, sans-serif; color: #000000; font-size: 12pt;\">V tomto \u010dl\u00e1nku se zam\u011b\u0159\u00edme na to, pro\u010d je tato platebn\u00ed br\u00e1na pro u\u017eivatele aplikace bezpe\u010dn\u00e1.<\/span><\/p><p style=\"text-align: center;\"><span style=\"font-family: helvetica, arial, sans-serif; color: #000000; font-size: 12pt;\">Stripe je ji\u017e n\u011bkolik let na trhu a za tu dobu si z\u00edskala velkou popularitu. Jedn\u00edm z faktor\u016f, d\u00edky kter\u00e9mu si z\u00edskala d\u016fv\u011bru u\u017eivatel\u016f internetu, je bezpe\u010dnost. Stripe toti\u017e vyu\u017e\u00edv\u00e1 n\u011bkolik opat\u0159en\u00ed pro zabezpe\u010den\u00ed finan\u010dn\u00edch transakc\u00ed.<\/span><\/p><p style=\"text-align: center;\"><span style=\"font-family: helvetica, arial, sans-serif; color: #000000; font-size: 12pt;\">P\u0159edev\u0161\u00edm je d\u016fle\u017eit\u00e9 uv\u00e9st, \u017ee Stripe vyu\u017e\u00edv\u00e1 \u0161ifrov\u00e1n\u00ed. To znamen\u00e1, \u017ee data, kter\u00e1 se p\u0159en\u00e1\u0161ej\u00ed mezi platebn\u00ed br\u00e1nou a bankou, jsou \u0161ifrov\u00e1na pomoc\u00ed SSL certifik\u00e1t\u016f. Tyto certifik\u00e1ty zaji\u0161\u0165uj\u00ed, \u017ee data jsou p\u0159en\u00e1\u0161ena v bezpe\u010dn\u00e9m form\u00e1tu, kter\u00fd umo\u017e\u0148uje pouze p\u0159\u00edjemci interpretovat obsah.<\/span><\/p><p style=\"text-align: center;\"><span style=\"font-family: helvetica, arial, sans-serif; color: #000000; font-size: 12pt;\">Dal\u0161\u00edm zp\u016fsobem, jak Stripe zabezpe\u010duje finan\u010dn\u00ed transakce, je pou\u017eit\u00ed token\u016f. Kdy\u017e u\u017eivatel zad\u00e1 sv\u00e9 platebn\u00ed \u00fadaje, tyto \u00fadaje nejsou zpracov\u00e1v\u00e1ny a ukl\u00e1d\u00e1ny na serveru obchodn\u00edka. M\u00edsto toho Stripe vygeneruje unik\u00e1tn\u00ed token, kter\u00fd slou\u017e\u00ed k ov\u011b\u0159en\u00ed platby. Tokeny jsou bezpe\u010dn\u00e9, proto\u017ee obsahuj\u00ed pouze referenci na platebn\u00ed \u00fadaje, kter\u00e9 jsou ulo\u017een\u00e9 na serverech spole\u010dnosti Stripe.<\/span><\/p><p style=\"text-align: center;\"><span style=\"font-family: helvetica, arial, sans-serif; color: #000000; font-size: 12pt;\">Na konec, Stripe m\u00e1 p\u0159\u00edsn\u00e1 pravidla pro ochranu osobn\u00edch \u00fadaj\u016f sv\u00fdch u\u017eivatel\u016f. Spole\u010dnost ukl\u00e1d\u00e1 \u00fadaje o platebn\u00edch kart\u00e1ch a osobn\u00edch \u00fadaj\u00edch v bezpe\u010dn\u00e9m datov\u00e9m centru, kter\u00fd spl\u0148uje certifikaci PCI DSS. Tato certifikace je p\u0159edpis, kter\u00fd je vyd\u00e1v\u00e1n kreditn\u00edmi spole\u010dnostmi pro zaji\u0161t\u011bn\u00ed bezpe\u010dnosti platebn\u00edch \u00fadaj\u016f.<\/span><\/p><p style=\"text-align: center;\"><span style=\"font-family: helvetica, arial, sans-serif; color: #000000; font-size: 12pt;\">V \u010cesk\u00e9 republice je Stripe povinna dodr\u017eovat dal\u0161\u00ed bezpe\u010dnostn\u00edch opat\u0159en\u00ed, nap\u0159\u00edklad mus\u00ed b\u00fdt zaji\u0161t\u011bn soulad s evropskou ochranou osobn\u00edch \u00fadaj\u016f GDPR.<\/span><\/p><p style=\"text-align: center;\"><span style=\"font-family: verdana, geneva, sans-serif; color: #000000; font-size: 12pt;\"><span style=\"font-family: helvetica, arial, sans-serif;\">V\u0161echny tyto kroky, kter\u00e9 Stripe aplikuje k zabezpe\u010den\u00ed platebn\u00edch transakc\u00ed, \u010din\u00ed z t\u00e9to platebn\u00ed br\u00e1ny velmi bezpe\u010dnou a spolehlivou platebn\u00ed br\u00e1nu. Proto si m\u016f\u017eete b\u00fdt jisti, \u017ee va\u0161e platebn\u00ed \u00fadaje budou chr\u00e1n\u011bny a \u017ee va\u0161e platby budou bezpe\u010dn<\/span>\u00e9.<\/span><\/p>\t\t\t\t\t\t\t\t<\/div>\n\t\t\t\t<\/div>\n\t\t\t\t\t<\/div>\n\t\t<\/div>\n\t\t\t\t\t<\/div>\n\t\t<\/section>\n\t\t\t\t<\/div>","protected":false},"excerpt":{"rendered":"<p>Stripe Bezpe\u010dnost plateb prov\u00e1d\u011bn\u00fdch v na\u0161\u00ed aplikaci je pro n\u00e1s d\u016fle\u017eit\u00e1, proto spolupracujeme s platebn\u00ed br\u00e1nou Stripe. V tomto \u010dl\u00e1nku se zam\u011b\u0159\u00edme na to, pro\u010d je tato platebn\u00ed br\u00e1na pro u\u017eivatele aplikace bezpe\u010dn\u00e1. Stripe je ji\u017e n\u011bkolik let na trhu a za tu dobu si z\u00edskala velkou popularitu. Jedn\u00edm z faktor\u016f, d\u00edky kter\u00e9mu si z\u00edskala d\u016fv\u011bru u\u017eivatel\u016f internetu, je bezpe\u010dnost. Stripe toti\u017e vyu\u017e\u00edv\u00e1 n\u011bkolik opat\u0159en\u00ed pro zabezpe\u010den\u00ed finan\u010dn\u00edch transakc\u00ed. P\u0159edev\u0161\u00edm je d\u016fle\u017eit\u00e9 uv\u00e9st, \u017ee Stripe vyu\u017e\u00edv\u00e1 \u0161ifrov\u00e1n\u00ed. To znamen\u00e1, \u017ee data, kter\u00e1 se p\u0159en\u00e1\u0161ej\u00ed mezi platebn\u00ed br\u00e1nou a bankou, jsou \u0161ifrov\u00e1na pomoc\u00ed SSL certifik\u00e1t\u016f. Tyto certifik\u00e1ty zaji\u0161\u0165uj\u00ed, \u017ee data jsou p\u0159en\u00e1\u0161ena v bezpe\u010dn\u00e9m form\u00e1tu, kter\u00fd umo\u017e\u0148uje pouze p\u0159\u00edjemci interpretovat obsah. Dal\u0161\u00edm zp\u016fsobem, jak Stripe zabezpe\u010duje finan\u010dn\u00ed transakce, je pou\u017eit\u00ed token\u016f. Kdy\u017e u\u017eivatel zad\u00e1 sv\u00e9 platebn\u00ed \u00fadaje, tyto \u00fadaje nejsou zpracov\u00e1v\u00e1ny a ukl\u00e1d\u00e1ny na serveru obchodn\u00edka. M\u00edsto toho Stripe vygeneruje unik\u00e1tn\u00ed token, kter\u00fd slou\u017e\u00ed k ov\u011b\u0159en\u00ed platby. Tokeny jsou bezpe\u010dn\u00e9, proto\u017ee obsahuj\u00ed pouze referenci na platebn\u00ed \u00fadaje, kter\u00e9 jsou ulo\u017een\u00e9 na serverech spole\u010dnosti Stripe. Na konec, Stripe m\u00e1 p\u0159\u00edsn\u00e1 pravidla pro ochranu osobn\u00edch \u00fadaj\u016f sv\u00fdch u\u017eivatel\u016f. Spole\u010dnost ukl\u00e1d\u00e1 \u00fadaje o platebn\u00edch kart\u00e1ch a osobn\u00edch \u00fadaj\u00edch v bezpe\u010dn\u00e9m datov\u00e9m centru, kter\u00fd spl\u0148uje certifikaci PCI DSS. Tato certifikace je p\u0159edpis, kter\u00fd je vyd\u00e1v\u00e1n kreditn\u00edmi spole\u010dnostmi pro zaji\u0161t\u011bn\u00ed bezpe\u010dnosti platebn\u00edch \u00fadaj\u016f. V \u010cesk\u00e9 republice je Stripe povinna dodr\u017eovat dal\u0161\u00ed bezpe\u010dnostn\u00edch opat\u0159en\u00ed, nap\u0159\u00edklad mus\u00ed b\u00fdt zaji\u0161t\u011bn soulad s evropskou ochranou osobn\u00edch \u00fadaj\u016f GDPR. V\u0161echny tyto kroky, kter\u00e9 Stripe aplikuje k zabezpe\u010den\u00ed platebn\u00edch transakc\u00ed, \u010din\u00ed z t\u00e9to platebn\u00ed br\u00e1ny velmi bezpe\u010dnou a spolehlivou platebn\u00ed br\u00e1nu. Proto si m\u016f\u017eete b\u00fdt jisti, \u017ee va\u0161e platebn\u00ed \u00fadaje budou chr\u00e1n\u011bny a \u017ee va\u0161e platby budou bezpe\u010dn\u00e9.<\/p>","protected":false},"author":1,"featured_media":0,"parent":0,"menu_order":0,"comment_status":"closed","ping_status":"closed","template":"elementor_canvas","meta":{"footnotes":""},"class_list":["post-8685","page","type-page","status-publish","hentry"],"_links":{"self":[{"href":"https:\/\/mujdopis.cz\/en\/wp-json\/wp\/v2\/pages\/8685","targetHints":{"allow":["GET"]}}],"collection":[{"href":"https:\/\/mujdopis.cz\/en\/wp-json\/wp\/v2\/pages"}],"about":[{"href":"https:\/\/mujdopis.cz\/en\/wp-json\/wp\/v2\/types\/page"}],"author":[{"embeddable":true,"href":"https:\/\/mujdopis.cz\/en\/wp-json\/wp\/v2\/users\/1"}],"replies":[{"embeddable":true,"href":"https:\/\/mujdopis.cz\/en\/wp-json\/wp\/v2\/comments?post=8685"}],"version-history":[{"count":18,"href":"https:\/\/mujdopis.cz\/en\/wp-json\/wp\/v2\/pages\/8685\/revisions"}],"predecessor-version":[{"id":8888,"href":"https:\/\/mujdopis.cz\/en\/wp-json\/wp\/v2\/pages\/8685\/revisions\/8888"}],"wp:attachment":[{"href":"https:\/\/mujdopis.cz\/en\/wp-json\/wp\/v2\/media?parent=8685"}],"curies":[{"name":"wp","href":"https:\/\/api.w.org\/{rel}","templated":true}]}}